{"id":702,"date":"2020-01-04T10:03:36","date_gmt":"2020-01-04T10:03:36","guid":{"rendered":"http:\/\/aytomonsagro.es\/?page_id=702"},"modified":"2023-10-24T14:13:33","modified_gmt":"2023-10-24T14:13:33","slug":"transparencia","status":"publish","type":"page","link":"https:\/\/aytoelmaillo.org\/?page_id=702","title":{"rendered":"Transparencia"},"content":{"rendered":"\n<p><a href=\"http:\/\/aytoelmaillo.org\/wp-content\/uploads\/2021\/02\/11-FEBRERO-2021-MODIFICACI%C3%93N-PUNTUAL-EL-MAILLO.pdf\">MODIFICACI\u00d3N PUNTUAL NORMAS URBAN\u00cdSTICAS MUNICIPALES<\/a>\u00a0(per\u00edodo de exposici\u00f3n p\u00fablica). Febrero 2021.<\/p>\n","protected":false},"excerpt":{"rendered":"<p>MODIFICACI\u00d3N PUNTUAL NORMAS URBAN\u00cdSTICAS MUNICIPALES\u00a0(per\u00edodo de exposici\u00f3n p\u00fablica). Febrero 2021.<\/p>\n","protected":false},"author":1,"featured_media":0,"parent":0,"menu_order":0,"comment_status":"closed","ping_status":"closed","template":"","meta":{"footnotes":""},"_links":{"self":[{"href":"https:\/\/aytoelmaillo.org\/index.php?rest_route=\/wp\/v2\/pages\/702"}],"collection":[{"href":"https:\/\/aytoelmaillo.org\/index.php?rest_route=\/wp\/v2\/pages"}],"about":[{"href":"https:\/\/aytoelmaillo.org\/index.php?rest_route=\/wp\/v2\/types\/page"}],"author":[{"embeddable":true,"href":"https:\/\/aytoelmaillo.org\/index.php?rest_route=\/wp\/v2\/users\/1"}],"replies":[{"embeddable":true,"href":"https:\/\/aytoelmaillo.org\/index.php?rest_route=%2Fwp%2Fv2%2Fcomments&post=702"}],"version-history":[{"count":4,"href":"https:\/\/aytoelmaillo.org\/index.php?rest_route=\/wp\/v2\/pages\/702\/revisions"}],"predecessor-version":[{"id":1095,"href":"https:\/\/aytoelmaillo.org\/index.php?rest_route=\/wp\/v2\/pages\/702\/revisions\/1095"}],"wp:attachment":[{"href":"https:\/\/aytoelmaillo.org\/index.php?rest_route=%2Fwp%2Fv2%2Fmedia&parent=702"}],"curies":[{"name":"wp","href":"https:\/\/api.w.org\/{rel}","templated":true}]}}